{"id":165,"date":"2020-05-09T18:02:12","date_gmt":"2020-05-09T16:02:12","guid":{"rendered":"http:\/\/bim.cvut.cz\/wp\/?page_id=165"},"modified":"2020-10-19T12:29:26","modified_gmt":"2020-10-19T10:29:26","slug":"reference","status":"publish","type":"page","link":"https:\/\/bim.cvut.cz\/wp\/reference\/","title":{"rendered":"Reference"},"content":{"rendered":"<div class=\"wpb-content-wrapper\">[vc_row type=&#8220;1&#8243; el_class=&#8220;no-padding-row&#8220;][vc_column width=&#8220;1\/2&#8243;][vc_single_image image=&#8220;167&#8243; img_size=&#8220;autox480&#8243; alignment=&#8220;center&#8220; el_class=&#8220;stripe-mobile-img&#8220;][vc_empty_space height=&#8220;48px&#8220;][vc_column_text css=&#8220;.vc_custom_1603103547084{margin-bottom: 8px !important;}&#8220;]\n<h3 style=\"text-align: center;\">Budova \u010cIIRC<\/h3>\n[\/vc_column_text][vc_column_text]\n<p>Informa\u010dn\u00ed model byl vyu\u017eit v r\u00e1mci projektov\u00e9 p\u0159\u00edpravy stavby. Bylo \u00fasp\u011b\u0161n\u011b dosa\u017eeno zkr\u00e1cen\u00ed \u010dasu projektov\u00fdch \u010dinnost\u00ed a generov\u00e1n\u00ed aktualizovan\u00e9 v\u00fdkresov\u00e9 dokumentace zm\u011bn v pr\u016fb\u011bhu v\u00fdstavby.<\/p>\n[\/vc_column_text][\/vc_column][vc_column width=&#8220;1\/2&#8243; css=&#8220;.vc_custom_1592438508780{padding-top: 300px !important;padding-bottom: 300px !important;background-image: url(https:\/\/bim.cvut.cz\/wp\/wp-content\/uploads\/2020\/05\/CIIRC.jpg?id=167) !important;background-position: center !important;background-repeat: no-repeat !important;background-size: cover !important;}&#8220; offset=&#8220;vc_hidden-xs&#8220;][\/vc_column][\/vc_row][vc_row type=&#8220;1&#8243; el_class=&#8220;no-padding-row&#8220;][vc_column width=&#8220;1\/2&#8243; css=&#8220;.vc_custom_1592438544567{padding-top: 300px !important;padding-bottom: 300px !important;background-image: url(https:\/\/bim.cvut.cz\/wp\/wp-content\/uploads\/2020\/05\/2_Bytov\u00fd-d\u016fm-Na-Malovance_\u0161ir\u0161\u00ed-e1589041284637.jpg?id=181) !important;background-position: center !important;background-repeat: no-repeat !important;background-size: cover !important;}&#8220;][\/vc_column][vc_column width=&#8220;1\/2&#8243;][vc_empty_space height=&#8220;48px&#8220;][vc_column_text css=&#8220;.vc_custom_1592438521493{margin-bottom: 8px !important;}&#8220;]\n<h3 style=\"text-align: center;\">Bytov\u00fd d\u016fm Na Malovance<\/h3>\n[\/vc_column_text][vc_column_text]\n<p>Spolupr\u00e1ce s v\u00fdznamn\u00fdm investorem na p\u0159\u00edprav\u011b projektu bytov\u00e9ho domu v Praze 6 s c\u00edlem vytvo\u0159it podm\u00ednky pro vyu\u017eit\u00ed BIM ve v\u0161ech f\u00e1z\u00edch \u017eivotn\u00edho cyklu projektu.<\/p>\n[\/vc_column_text][\/vc_column][\/vc_row][vc_row type=&#8220;1&#8243; el_class=&#8220;no-padding-row&#8220;][vc_column width=&#8220;1\/2&#8243;][vc_single_image image=&#8220;184&#8243; img_size=&#8220;autox480&#8243; alignment=&#8220;center&#8220; el_class=&#8220;stripe-mobile-img&#8220;][vc_empty_space height=&#8220;48px&#8220;][vc_column_text css=&#8220;.vc_custom_1592438555870{margin-bottom: 8px !important;}&#8220;]\n<h3 style=\"text-align: center;\">Budova Coca-Cola HBC<\/h3>\n[\/vc_column_text][vc_column_text]\n<p>Byla provedena pasportizace st\u00e1vaj\u00edc\u00edho stavebn\u00edho objektu. Na model byla d\u00e1le aplikov\u00e1na n\u00e1mi vyvinut\u00e1 metoda automatizovan\u00e9 anal\u00fdzy administrativn\u00edch pracovi\u0161\u0165 dle legislativy \u010cR. Model tak poslou\u017eil k p\u0159esn\u00e9mu zac\u00edlen\u00ed investi\u010dn\u00ed akce a z\u00e1rove\u0148 jako nadstandardn\u00ed podklad pro navazuj\u00edc\u00ed projek\u010dn\u00ed \u010dinnost rekonstrukce objektu.<\/p>\n[\/vc_column_text][\/vc_column][vc_column width=&#8220;1\/2&#8243; css=&#8220;.vc_custom_1592438588101{padding-top: 300px !important;padding-bottom: 300px !important;background-image: url(https:\/\/bim.cvut.cz\/wp\/wp-content\/uploads\/2020\/05\/pou\u017eij_cola_2.png?id=184) !important;background-position: center !important;background-repeat: no-repeat !important;background-size: cover !important;}&#8220; offset=&#8220;vc_hidden-xs&#8220;][\/vc_column][\/vc_row][vc_row type=&#8220;1&#8243; el_class=&#8220;no-padding-row&#8220;][vc_column width=&#8220;1\/2&#8243; css=&#8220;.vc_custom_1592438626603{padding-top: 300px !important;padding-bottom: 300px !important;background-image: url(https:\/\/bim.cvut.cz\/wp\/wp-content\/uploads\/2020\/05\/4_FsvA_\u0161ir\u0161\u00ed-e1589041592352.jpg?id=185) !important;background-position: center !important;background-repeat: no-repeat !important;background-size: cover !important;}&#8220;][\/vc_column][vc_column width=&#8220;1\/2&#8243;][vc_empty_space height=&#8220;48px&#8220;][vc_column_text css=&#8220;.vc_custom_1592438611839{margin-bottom: 8px !important;}&#8220;]\n<h3 style=\"text-align: center;\">Fakulta stavebn\u00ed, budova A<\/h3>\n[\/vc_column_text][vc_column_text]\n<p>Budova byla pasportizov\u00e1na metodou BIM za \u00fa\u010delem pl\u00e1nov\u00e1n\u00ed prostorov\u00fdch kapacit fakulty. Model slou\u017e\u00ed jako v\u00fdukov\u00e1 pom\u016fcka pro budouc\u00ed koordin\u00e1tory BIM.<\/p>\n[\/vc_column_text][\/vc_column][\/vc_row][vc_row type=&#8220;1&#8243; el_class=&#8220;no-padding-row&#8220;][vc_column width=&#8220;1\/2&#8243;][vc_single_image image=&#8220;189&#8243; img_size=&#8220;autox480&#8243; alignment=&#8220;center&#8220; el_class=&#8220;stripe-mobile-img&#8220;][vc_empty_space height=&#8220;48px&#8220;][vc_column_text css=&#8220;.vc_custom_1592438638676{margin-bottom: 8px !important;}&#8220;]\n<h3 style=\"text-align: center;\">Fakulta stavebn\u00ed, budova B<\/h3>\n[\/vc_column_text][vc_column_text]\n<p>Budova byla pasportizov\u00e1na metodou BIM za \u00fa\u010delem pl\u00e1nov\u00e1n\u00ed prostorov\u00fdch kapacit fakulty, pl\u00e1nov\u00e1n\u00ed rozs\u00e1hl\u00e9 rekonstrukce a jako z\u00e1kladn\u00ed informa\u010dn\u00ed zdroj pro spr\u00e1vu a \u00fadr\u017ebu budovy.<\/p>\n[\/vc_column_text][\/vc_column][vc_column width=&#8220;1\/2&#8243; css=&#8220;.vc_custom_1592438673595{padding-top: 300px !important;padding-bottom: 300px !important;background-image: url(https:\/\/bim.cvut.cz\/wp\/wp-content\/uploads\/2020\/05\/5_fsvb_2.jpg?id=189) !important;background-position: center !important;background-repeat: no-repeat !important;background-size: cover !important;}&#8220; offset=&#8220;vc_hidden-xs&#8220;][\/vc_column][\/vc_row][vc_row type=&#8220;1&#8243; el_class=&#8220;no-padding-row&#8220;][vc_column width=&#8220;1\/2&#8243; css=&#8220;.vc_custom_1592438716882{padding-top: 300px !important;padding-bottom: 300px !important;background-image: url(https:\/\/bim.cvut.cz\/wp\/wp-content\/uploads\/2020\/05\/6_fsvD_\u0161ir\u0161\u00ed2.jpg?id=188) !important;background-position: center !important;background-repeat: no-repeat !important;background-size: cover !important;}&#8220;][\/vc_column][vc_column width=&#8220;1\/2&#8243;][vc_empty_space height=&#8220;48px&#8220;][vc_column_text css=&#8220;.vc_custom_1592438692465{margin-bottom: 8px !important;}&#8220;]\n<h3 style=\"text-align: center;\">Fakulta stavebn\u00ed, budova D<\/h3>\n[\/vc_column_text][vc_column_text]\n<p>Budova byla pasportizov\u00e1na metodou BIM za \u00fa\u010delem pl\u00e1nov\u00e1n\u00ed prostorov\u00fdch kapacit fakulty, pl\u00e1nov\u00e1n\u00ed rozs\u00e1hl\u00e9 rekonstrukce a jako z\u00e1kladn\u00ed informa\u010dn\u00ed zdroj pro spr\u00e1vu a \u00fadr\u017ebu budovy.<\/p>\n[\/vc_column_text][\/vc_column][\/vc_row][vc_row type=&#8220;1&#8243; el_class=&#8220;no-padding-row&#8220;][vc_column width=&#8220;1\/2&#8243;][vc_single_image image=&#8220;262&#8243; img_size=&#8220;autox480&#8243; alignment=&#8220;center&#8220; el_class=&#8220;stripe-mobile-img&#8220;][vc_empty_space height=&#8220;48px&#8220;][vc_column_text css=&#8220;.vc_custom_1592438761098{margin-bottom: 8px !important;}&#8220;]\n<h3 style=\"text-align: center;\">NOSTA-HERTZ spol. s r. o.<\/h3>\n[\/vc_column_text][vc_column_text]\n<p>Spolupr\u00e1ce se spole\u010dnost\u00ed NOSTA-HERTZ spol. s r. o. je p\u0159edev\u0161\u00edm expertn\u00ed posudkov\u00e1 \u010dinnost v oblasti kvality informa\u010dn\u00edch model\u016f a kl\u00ed\u010dov\u00fdch dokument\u016f projekt\u016f BIM.<\/p>\n[\/vc_column_text][\/vc_column][vc_column width=&#8220;1\/2&#8243; css=&#8220;.vc_custom_1592439141461{padding-top: 300px !important;padding-bottom: 300px !important;background-image: url(https:\/\/bim.cvut.cz\/wp\/wp-content\/uploads\/2020\/06\/nosta.png?id=262) !important;background-position: center !important;background-repeat: no-repeat !important;background-size: cover !important;}&#8220; offset=&#8220;vc_hidden-xs&#8220;][\/vc_column][\/vc_row][vc_row type=&#8220;1&#8243; el_class=&#8220;no-padding-row&#8220;][vc_column width=&#8220;1\/2&#8243; css=&#8220;.vc_custom_1592438991044{padding-top: 300px !important;padding-bottom: 300px !important;background-image: url(https:\/\/bim.cvut.cz\/wp\/wp-content\/uploads\/2020\/06\/8_BIMDictionary_\u0161ir\u0161\u00ed.png?id=260) !important;background-position: center !important;background-repeat: no-repeat !important;background-size: cover !important;}&#8220;][\/vc_column][vc_column width=&#8220;1\/2&#8243;][vc_empty_space height=&#8220;48px&#8220;][vc_column_text css=&#8220;.vc_custom_1592438825268{margin-bottom: 8px !important;}&#8220;]\n<h3 style=\"text-align: center;\">BIMDictionary<\/h3>\n[\/vc_column_text][vc_column_text]\n<p>V r\u00e1mci spolupr\u00e1ce mezi BIMLab, Odbornou radou pro BIM (CzBIM) a australskou iniciativou BIMe pod veden\u00edm Dr. Bilala Succara vznikl s podporou Ministerstva pr\u016fmyslu a obchodu p\u0159eklad mezin\u00e1rodn\u011b uzn\u00e1van\u00e9ho a na BIM zam\u011b\u0159en\u00e9ho v\u00fdkladov\u00e9ho slovn\u00edku. Slovn\u00edk je zdarma k dispozici na internetov\u00fdch str\u00e1nk\u00e1ch www.bimdictionary.com za \u00fa\u010delem praktick\u00e9ho vyu\u017eit\u00ed a v\u00fduky. Nav\u00edc je s n\u00edm d\u00e1le pracov\u00e1no v r\u00e1mci aktivit \u010cesk\u00e9 agentury pro standardizaci (\u010cAS).<\/p>\n[\/vc_column_text][\/vc_column][\/vc_row]\n<\/div>","protected":false},"excerpt":{"rendered":"<p>[vc_row type=&#8220;1&#8243; el_class=&#8220;no-padding-row&#8220;][vc_column width=&#8220;1\/2&#8243;][vc_single_image image=&#8220;167&#8243; img_size=&#8220;autox480&#8243; alignment=&#8220;center&#8220; el_class=&#8220;stripe-mobile-img&#8220;][vc_empty_space height=&#8220;48px&#8220;][vc_column_text css=&#8220;.vc_custom_1603103547084{margin-bottom: 8px !important;}&#8220;] Budova \u010cIIRC [\/vc_column_text][vc_column_text] Informa\u010dn\u00ed model byl vyu\u017eit v r\u00e1mci projektov\u00e9 p\u0159\u00edpravy stavby. Bylo \u00fasp\u011b\u0161n\u011b dosa\u017eeno zkr\u00e1cen\u00ed \u010dasu projektov\u00fdch \u010dinnost\u00ed a generov\u00e1n\u00ed aktualizovan\u00e9 v\u00fdkresov\u00e9 dokumentace zm\u011bn v pr\u016fb\u011bhu v\u00fdstavby. [\/vc_column_text][\/vc_column][vc_column width=&#8220;1\/2&#8243; css=&#8220;.vc_custom_1592438508780{padding-top: 300px !important;padding-bottom: 300px !important;background-image: url(https:\/\/bim.cvut.cz\/wp\/wp-content\/uploads\/2020\/05\/CIIRC.jpg?id=167) !important;background-position: center !important;background-repeat: no-repeat !important;background-size: cover !important;}&#8220;&hellip;<\/p>\n","protected":false},"author":1,"featured_media":0,"parent":0,"menu_order":0,"comment_status":"closed","ping_status":"closed","template":"","meta":{"_monsterinsights_skip_tracking":false,"_monsterinsights_sitenote_active":false,"_monsterinsights_sitenote_note":"","_monsterinsights_sitenote_category":0,"footnotes":""},"class_list":["post-165","page","type-page","status-publish","hentry","description-off"],"_links":{"self":[{"href":"https:\/\/bim.cvut.cz\/wp\/wp-json\/wp\/v2\/pages\/165","targetHints":{"allow":["GET"]}}],"collection":[{"href":"https:\/\/bim.cvut.cz\/wp\/wp-json\/wp\/v2\/pages"}],"about":[{"href":"https:\/\/bim.cvut.cz\/wp\/wp-json\/wp\/v2\/types\/page"}],"author":[{"embeddable":true,"href":"https:\/\/bim.cvut.cz\/wp\/wp-json\/wp\/v2\/users\/1"}],"replies":[{"embeddable":true,"href":"https:\/\/bim.cvut.cz\/wp\/wp-json\/wp\/v2\/comments?post=165"}],"version-history":[{"count":11,"href":"https:\/\/bim.cvut.cz\/wp\/wp-json\/wp\/v2\/pages\/165\/revisions"}],"predecessor-version":[{"id":616,"href":"https:\/\/bim.cvut.cz\/wp\/wp-json\/wp\/v2\/pages\/165\/revisions\/616"}],"wp:attachment":[{"href":"https:\/\/bim.cvut.cz\/wp\/wp-json\/wp\/v2\/media?parent=165"}],"curies":[{"name":"wp","href":"https:\/\/api.w.org\/{rel}","templated":true}]}}